{"id":16,"date":"2024-02-12T18:35:58","date_gmt":"2024-02-12T18:35:58","guid":{"rendered":"https:\/\/kmae.dk\/?page_id=16"},"modified":"2024-10-17T12:58:28","modified_gmt":"2024-10-17T12:58:28","slug":"previous-exhibitions","status":"publish","type":"page","link":"https:\/\/kmae.dk\/","title":{"rendered":"Interdisciplinary Art Space"},"content":{"rendered":"\n<p>Obs &#8211; p\u00e5 grund af mandskabsmangel er udstillingen p\u00e5 Kattegatcentret f\u00f8rst \u00e5ben fra mandag d. 21. oktober. Dokumentationsudstillingen p\u00e5 Svartl\u00f6ga\/ Oxer er \u00e5ben s\u00f8ndag d. 3. november, fredag d. 8. november og s\u00f8ndag d. 8. december alle dage fra 14-17, eller efter aftale (kontakt svartlogasfremtid\/at\/gmail.com). <\/p>\n\n\n\n<figure class=\"wp-block-gallery has-nested-images columns-default is-cropped wp-block-gallery-2 is-layout-flex wp-block-gallery-is-layout-flex\">\n<figure class=\"wp-block-image size-large wp-duotone-unset-1\"><img loading=\"lazy\" decoding=\"async\" width=\"724\" height=\"1024\" data-id=\"68\" src=\"https:\/\/kmae.dk\/wp-content\/uploads\/2024\/10\/Poster-til-nettet-724x1024.jpg\" alt=\"\" class=\"wp-image-68\" srcset=\"https:\/\/kmae.dk\/wp-content\/uploads\/2024\/10\/Poster-til-nettet-724x1024.jpg 724w, https:\/\/kmae.dk\/wp-content\/uploads\/2024\/10\/Poster-til-nettet-212x300.jpg 212w, https:\/\/kmae.dk\/wp-content\/uploads\/2024\/10\/Poster-til-nettet-768x1086.jpg 768w, https:\/\/kmae.dk\/wp-content\/uploads\/2024\/10\/Poster-til-nettet-1086x1536.jpg 1086w, https:\/\/kmae.dk\/wp-content\/uploads\/2024\/10\/Poster-til-nettet-1448x2048.jpg 1448w, https:\/\/kmae.dk\/wp-content\/uploads\/2024\/10\/Poster-til-nettet-scaled.jpg 1810w\" sizes=\"auto, (max-width: 724px) 100vw, 724px\" \/><\/figure>\n<\/figure>\n\n\n\n<p><\/p>\n\n\n\n<div class=\"wp-block-group alignwide has-global-padding is-layout-constrained wp-block-group-is-layout-constrained\"><\/div>\n\n\n\n<div style=\"height:var(--wp--preset--spacing--50)\" aria-hidden=\"true\" class=\"wp-block-spacer\"><\/div>\n\n\n\n<div class=\"wp-block-group alignfull has-global-padding is-layout-constrained wp-container-core-group-is-layout-b25ccd55 wp-block-group-is-layout-constrained\" style=\"margin-top:0;margin-bottom:0;padding-top:var(--wp--preset--spacing--50);padding-right:var(--wp--preset--spacing--50);padding-bottom:var(--wp--preset--spacing--50);padding-left:var(--wp--preset--spacing--50)\"><\/div>\n","protected":false},"excerpt":{"rendered":"<p>Obs &#8211; p\u00e5 grund af mandskabsmangel er udstillingen p\u00e5 Kattegatcentret f\u00f8rst \u00e5ben fra mandag d. 21. oktober. Dokumentationsudstillingen p\u00e5 Svartl\u00f6ga\/ Oxer er \u00e5ben s\u00f8ndag d. 3. november, fredag d. 8. november og s\u00f8ndag d. 8. december alle dage fra 14-17, eller efter aftale (kontakt svartlogasfremtid\/at\/gmail.com).<\/p>\n","protected":false},"author":1,"featured_media":0,"parent":0,"menu_order":0,"comment_status":"closed","ping_status":"closed","template":"","meta":{"footnotes":""},"class_list":["post-16","page","type-page","status-publish","hentry"],"yoast_head":"<!-- This site is optimized with the Yoast SEO plugin v23.5 - https:\/\/yoast.com\/wordpress\/plugins\/seo\/ -->\n<title>Interdisciplinary Art Space - KM\u00c6\/ Kunsthal for maritim \u00e6stetik<\/title>\n<meta name=\"robots\" content=\"index, follow, max-snippet:-1, max-image-preview:large, max-video-preview:-1\" \/>\n<link rel=\"canonical\" href=\"https:\/\/kmae.dk\/\" \/>\n<meta property=\"og:locale\" content=\"da_DK\" \/>\n<meta property=\"og:type\" content=\"article\" \/>\n<meta property=\"og:title\" content=\"Interdisciplinary Art Space - KM\u00c6\/ Kunsthal for maritim \u00e6stetik\" \/>\n<meta property=\"og:description\" content=\"Obs &#8211; p\u00e5 grund af mandskabsmangel er udstillingen p\u00e5 Kattegatcentret f\u00f8rst \u00e5ben fra mandag d. 21. oktober. Dokumentationsudstillingen p\u00e5 Svartl\u00f6ga\/ Oxer er \u00e5ben s\u00f8ndag d. 3. november, fredag d. 8. november og s\u00f8ndag d. 8. december alle dage fra 14-17, eller efter aftale (kontakt svartlogasfremtid\/at\/gmail.com).\" \/>\n<meta property=\"og:url\" content=\"https:\/\/kmae.dk\/\" \/>\n<meta property=\"og:site_name\" content=\"KM\u00c6\/ Kunsthal for maritim \u00e6stetik\" \/>\n<meta property=\"article:publisher\" content=\"https:\/\/www.facebook.com\/kunsthalmaritimaestetik\/\" \/>\n<meta property=\"article:modified_time\" content=\"2024-10-17T12:58:28+00:00\" \/>\n<meta property=\"og:image\" content=\"https:\/\/kmae.dk\/wp-content\/uploads\/2024\/10\/Poster-til-nettet-724x1024.jpg\" \/>\n<meta name=\"twitter:card\" content=\"summary_large_image\" \/>\n<meta name=\"twitter:label1\" content=\"Estimeret l\u00e6setid\" \/>\n\t<meta name=\"twitter:data1\" content=\"1 minut\" \/>\n<script type=\"application\/ld+json\" class=\"yoast-schema-graph\">{\"@context\":\"https:\/\/schema.org\",\"@graph\":[{\"@type\":\"WebPage\",\"@id\":\"https:\/\/kmae.dk\/\",\"url\":\"https:\/\/kmae.dk\/\",\"name\":\"Interdisciplinary Art Space - KM\u00c6\/ Kunsthal for maritim \u00e6stetik\",\"isPartOf\":{\"@id\":\"https:\/\/kmae.dk\/#website\"},\"primaryImageOfPage\":{\"@id\":\"https:\/\/kmae.dk\/#primaryimage\"},\"image\":{\"@id\":\"https:\/\/kmae.dk\/#primaryimage\"},\"thumbnailUrl\":\"https:\/\/kmae.dk\/wp-content\/uploads\/2024\/10\/Poster-til-nettet-724x1024.jpg\",\"datePublished\":\"2024-02-12T18:35:58+00:00\",\"dateModified\":\"2024-10-17T12:58:28+00:00\",\"breadcrumb\":{\"@id\":\"https:\/\/kmae.dk\/#breadcrumb\"},\"inLanguage\":\"da-DK\",\"potentialAction\":[{\"@type\":\"ReadAction\",\"target\":[\"https:\/\/kmae.dk\/\"]}]},{\"@type\":\"ImageObject\",\"inLanguage\":\"da-DK\",\"@id\":\"https:\/\/kmae.dk\/#primaryimage\",\"url\":\"https:\/\/kmae.dk\/wp-content\/uploads\/2024\/10\/Poster-til-nettet-scaled.jpg\",\"contentUrl\":\"https:\/\/kmae.dk\/wp-content\/uploads\/2024\/10\/Poster-til-nettet-scaled.jpg\",\"width\":1810,\"height\":2560},{\"@type\":\"BreadcrumbList\",\"@id\":\"https:\/\/kmae.dk\/#breadcrumb\",\"itemListElement\":[{\"@type\":\"ListItem\",\"position\":1,\"name\":\"Hjem\",\"item\":\"https:\/\/kmae.dk\/\"},{\"@type\":\"ListItem\",\"position\":2,\"name\":\"Interdisciplinary Art Space\"}]},{\"@type\":\"WebSite\",\"@id\":\"https:\/\/kmae.dk\/#website\",\"url\":\"https:\/\/kmae.dk\/\",\"name\":\"KM\u00c6\/ Kunsthal for maritim \u00e6stetik\",\"description\":\"\",\"publisher\":{\"@id\":\"https:\/\/kmae.dk\/#organization\"},\"alternateName\":\"kunsthal grenaa\",\"potentialAction\":[{\"@type\":\"SearchAction\",\"target\":{\"@type\":\"EntryPoint\",\"urlTemplate\":\"https:\/\/kmae.dk\/?s={search_term_string}\"},\"query-input\":{\"@type\":\"PropertyValueSpecification\",\"valueRequired\":true,\"valueName\":\"search_term_string\"}}],\"inLanguage\":\"da-DK\"},{\"@type\":\"Organization\",\"@id\":\"https:\/\/kmae.dk\/#organization\",\"name\":\"KM\u00c6\/ Kunsthal for maritim \u00e6stetik\",\"alternateName\":\"kunsthal grenaa\",\"url\":\"https:\/\/kmae.dk\/\",\"logo\":{\"@type\":\"ImageObject\",\"inLanguage\":\"da-DK\",\"@id\":\"https:\/\/kmae.dk\/#\/schema\/logo\/image\/\",\"url\":\"https:\/\/kmae.dk\/wp-content\/uploads\/2024\/02\/IMG_2774-sort-hvid-scaled.jpg\",\"contentUrl\":\"https:\/\/kmae.dk\/wp-content\/uploads\/2024\/02\/IMG_2774-sort-hvid-scaled.jpg\",\"width\":2560,\"height\":1707,\"caption\":\"KM\u00c6\/ Kunsthal for maritim \u00e6stetik\"},\"image\":{\"@id\":\"https:\/\/kmae.dk\/#\/schema\/logo\/image\/\"},\"sameAs\":[\"https:\/\/www.facebook.com\/kunsthalmaritimaestetik\/\",\"https:\/\/www.instagram.com\/kunsthalmaritimaestetik\/\"]}]}<\/script>\n<!-- \/ Yoast SEO plugin. -->","yoast_head_json":{"title":"Interdisciplinary Art Space - KM\u00c6\/ Kunsthal for maritim \u00e6stetik","robots":{"index":"index","follow":"follow","max-snippet":"max-snippet:-1","max-image-preview":"max-image-preview:large","max-video-preview":"max-video-preview:-1"},"canonical":"https:\/\/kmae.dk\/","og_locale":"da_DK","og_type":"article","og_title":"Interdisciplinary Art Space - KM\u00c6\/ Kunsthal for maritim \u00e6stetik","og_description":"Obs &#8211; p\u00e5 grund af mandskabsmangel er udstillingen p\u00e5 Kattegatcentret f\u00f8rst \u00e5ben fra mandag d. 21. oktober. Dokumentationsudstillingen p\u00e5 Svartl\u00f6ga\/ Oxer er \u00e5ben s\u00f8ndag d. 3. november, fredag d. 8. november og s\u00f8ndag d. 8. december alle dage fra 14-17, eller efter aftale (kontakt svartlogasfremtid\/at\/gmail.com).","og_url":"https:\/\/kmae.dk\/","og_site_name":"KM\u00c6\/ Kunsthal for maritim \u00e6stetik","article_publisher":"https:\/\/www.facebook.com\/kunsthalmaritimaestetik\/","article_modified_time":"2024-10-17T12:58:28+00:00","og_image":[{"url":"https:\/\/kmae.dk\/wp-content\/uploads\/2024\/10\/Poster-til-nettet-724x1024.jpg"}],"twitter_card":"summary_large_image","twitter_misc":{"Estimeret l\u00e6setid":"1 minut"},"schema":{"@context":"https:\/\/schema.org","@graph":[{"@type":"WebPage","@id":"https:\/\/kmae.dk\/","url":"https:\/\/kmae.dk\/","name":"Interdisciplinary Art Space - KM\u00c6\/ Kunsthal for maritim \u00e6stetik","isPartOf":{"@id":"https:\/\/kmae.dk\/#website"},"primaryImageOfPage":{"@id":"https:\/\/kmae.dk\/#primaryimage"},"image":{"@id":"https:\/\/kmae.dk\/#primaryimage"},"thumbnailUrl":"https:\/\/kmae.dk\/wp-content\/uploads\/2024\/10\/Poster-til-nettet-724x1024.jpg","datePublished":"2024-02-12T18:35:58+00:00","dateModified":"2024-10-17T12:58:28+00:00","breadcrumb":{"@id":"https:\/\/kmae.dk\/#breadcrumb"},"inLanguage":"da-DK","potentialAction":[{"@type":"ReadAction","target":["https:\/\/kmae.dk\/"]}]},{"@type":"ImageObject","inLanguage":"da-DK","@id":"https:\/\/kmae.dk\/#primaryimage","url":"https:\/\/kmae.dk\/wp-content\/uploads\/2024\/10\/Poster-til-nettet-scaled.jpg","contentUrl":"https:\/\/kmae.dk\/wp-content\/uploads\/2024\/10\/Poster-til-nettet-scaled.jpg","width":1810,"height":2560},{"@type":"BreadcrumbList","@id":"https:\/\/kmae.dk\/#breadcrumb","itemListElement":[{"@type":"ListItem","position":1,"name":"Hjem","item":"https:\/\/kmae.dk\/"},{"@type":"ListItem","position":2,"name":"Interdisciplinary Art Space"}]},{"@type":"WebSite","@id":"https:\/\/kmae.dk\/#website","url":"https:\/\/kmae.dk\/","name":"KM\u00c6\/ Kunsthal for maritim \u00e6stetik","description":"","publisher":{"@id":"https:\/\/kmae.dk\/#organization"},"alternateName":"kunsthal grenaa","potentialAction":[{"@type":"SearchAction","target":{"@type":"EntryPoint","urlTemplate":"https:\/\/kmae.dk\/?s={search_term_string}"},"query-input":{"@type":"PropertyValueSpecification","valueRequired":true,"valueName":"search_term_string"}}],"inLanguage":"da-DK"},{"@type":"Organization","@id":"https:\/\/kmae.dk\/#organization","name":"KM\u00c6\/ Kunsthal for maritim \u00e6stetik","alternateName":"kunsthal grenaa","url":"https:\/\/kmae.dk\/","logo":{"@type":"ImageObject","inLanguage":"da-DK","@id":"https:\/\/kmae.dk\/#\/schema\/logo\/image\/","url":"https:\/\/kmae.dk\/wp-content\/uploads\/2024\/02\/IMG_2774-sort-hvid-scaled.jpg","contentUrl":"https:\/\/kmae.dk\/wp-content\/uploads\/2024\/02\/IMG_2774-sort-hvid-scaled.jpg","width":2560,"height":1707,"caption":"KM\u00c6\/ Kunsthal for maritim \u00e6stetik"},"image":{"@id":"https:\/\/kmae.dk\/#\/schema\/logo\/image\/"},"sameAs":["https:\/\/www.facebook.com\/kunsthalmaritimaestetik\/","https:\/\/www.instagram.com\/kunsthalmaritimaestetik\/"]}]}},"_links":{"self":[{"href":"https:\/\/kmae.dk\/index.php?rest_route=\/wp\/v2\/pages\/16","targetHints":{"allow":["GET"]}}],"collection":[{"href":"https:\/\/kmae.dk\/index.php?rest_route=\/wp\/v2\/pages"}],"about":[{"href":"https:\/\/kmae.dk\/index.php?rest_route=\/wp\/v2\/types\/page"}],"author":[{"embeddable":true,"href":"https:\/\/kmae.dk\/index.php?rest_route=\/wp\/v2\/users\/1"}],"replies":[{"embeddable":true,"href":"https:\/\/kmae.dk\/index.php?rest_route=%2Fwp%2Fv2%2Fcomments&post=16"}],"version-history":[{"count":10,"href":"https:\/\/kmae.dk\/index.php?rest_route=\/wp\/v2\/pages\/16\/revisions"}],"predecessor-version":[{"id":78,"href":"https:\/\/kmae.dk\/index.php?rest_route=\/wp\/v2\/pages\/16\/revisions\/78"}],"wp:attachment":[{"href":"https:\/\/kmae.dk\/index.php?rest_route=%2Fwp%2Fv2%2Fmedia&parent=16"}],"curies":[{"name":"wp","href":"https:\/\/api.w.org\/{rel}","templated":true}]}}